{"id":18079,"date":"2020-07-31T21:42:50","date_gmt":"2020-07-31T19:42:50","guid":{"rendered":"https:\/\/www.dr-erkens-consulting.de\/?page_id=18079"},"modified":"2020-09-03T11:39:33","modified_gmt":"2020-09-03T09:39:33","slug":"blog","status":"publish","type":"page","link":"https:\/\/www.dr-erkens-consulting.de\/de\/blog\/","title":{"rendered":"Blog"},"content":{"rendered":"<p>[et_pb_section fb_built=&#8221;1&#8243; fullwidth=&#8221;on&#8221; _builder_version=&#8221;4.5.1&#8243; bottom_divider_style=&#8221;slant2&#8243; bottom_divider_color=&#8221;#ffffff&#8221; bottom_divider_height=&#8221;32px&#8221;][et_pb_fullwidth_code _builder_version=&#8221;4.5.1&#8243; background_size=&#8221;initial&#8221; background_position=&#8221;top_left&#8221; background_repeat=&#8221;repeat&#8221;][\/et_pb_fullwidth_code][\/et_pb_section][et_pb_section fb_built=&#8221;1&#8243; _builder_version=&#8221;4.5.1&#8243; custom_padding=&#8221;54px|0|29px|0px|false|false&#8221; bottom_divider_height=&#8221;32px&#8221;][et_pb_row _builder_version=&#8221;4.5.1&#8243; max_width=&#8221;80%&#8221; custom_margin=&#8221;||43px||false|false&#8221; custom_padding=&#8221;28px|0px|0|0px|false|false&#8221;][et_pb_column type=&#8221;4_4&#8243; _builder_version=&#8221;3.25&#8243; custom_padding=&#8221;|||&#8221; custom_padding__hover=&#8221;|||&#8221;][et_pb_text _builder_version=&#8221;4.5.1&#8243;]<\/p>\n<h1>Blog<\/h1>\n<p>In unserem Blog finden Sie regelm\u00e4\u00dfig neue Beitr\u00e4ge zu Themen wie Strategie, Marketing und Sales, Analysen und Marktforschung, Kommunikation sowie Fort- und Weiterbildung.<\/p>\n<p>&nbsp;<\/p>\n<p>[\/et_pb_text][\/et_pb_column][\/et_pb_row][\/et_pb_section][et_pb_section fb_built=&#8221;1&#8243; _builder_version=&#8221;4.5.5&#8243; _module_preset=&#8221;default&#8221;][et_pb_row _builder_version=&#8221;4.5.5&#8243; _module_preset=&#8221;default&#8221; max_width=&#8221;80%&#8221;][et_pb_column type=&#8221;4_4&#8243; _builder_version=&#8221;4.5.5&#8243; _module_preset=&#8221;default&#8221;][et_pb_blog fullwidth=&#8221;off&#8221; include_categories=&#8221;all&#8221; meta_date=&#8221;Y-m-d&#8221; show_more=&#8221;on&#8221; show_author=&#8221;off&#8221; show_pagination=&#8221;off&#8221; _builder_version=&#8221;4.6.0&#8243; _module_preset=&#8221;default&#8221; header_font=&#8221;|700|||||||&#8221; header_font_size=&#8221;21px&#8221; header_line_height=&#8221;1.6em&#8221; body_font_size=&#8221;16px&#8221; body_line_height=&#8221;1.4em&#8221; meta_font_size=&#8221;14px&#8221; custom_css_post_meta=&#8221;margin-bottom: 16px;&#8221; transform_styles__hover_enabled=&#8221;off|desktop&#8221; transform_scale__hover_enabled=&#8221;off|desktop&#8221; transform_translate__hover_enabled=&#8221;off|desktop&#8221; transform_rotate__hover_enabled=&#8221;off|desktop&#8221; transform_skew__hover_enabled=&#8221;off|desktop&#8221; transform_origin__hover_enabled=&#8221;off|desktop&#8221; transform_scale__hover=&#8221;105%|105%&#8221;][\/et_pb_blog][\/et_pb_column][\/et_pb_row][\/et_pb_section][et_pb_section fb_built=&#8221;1&#8243; _builder_version=&#8221;4.6.0&#8243; _module_preset=&#8221;default&#8221; background_color=&#8221;#2b2b2b&#8221; background_color_gradient_direction=&#8221;155deg&#8221; top_divider_height=&#8221;32px&#8221; global_module=&#8221;20190&#8243;][et_pb_row column_structure=&#8221;1_5,1_5,3_5&#8243; _builder_version=&#8221;4.6.0&#8243; _module_preset=&#8221;default&#8221; max_width=&#8221;80%&#8221;][et_pb_column type=&#8221;1_5&#8243; _builder_version=&#8221;4.6.0&#8243; _module_preset=&#8221;default&#8221;][et_pb_text _builder_version=&#8221;4.6.0&#8243; _module_preset=&#8221;default&#8221; text_font=&#8221;Open Sans Condensed||||||||&#8221; text_text_color=&#8221;#aaaaaa&#8221; text_orientation=&#8221;center&#8221; custom_margin=&#8221;||4px||false|false&#8221;]<\/p>\n<p>Anschrift<\/p>\n<p>[\/et_pb_text][et_pb_divider color=&#8221;#6b6b6b&#8221; _builder_version=&#8221;4.6.0&#8243; _module_preset=&#8221;default&#8221; custom_margin=&#8221;||0px||false|false&#8221;][\/et_pb_divider][et_pb_text _builder_version=&#8221;4.6.0&#8243; _module_preset=&#8221;default&#8221; text_text_color=&#8221;#828282&#8243; text_font_size=&#8221;15px&#8221; text_line_height=&#8221;1.6em&#8221; background_layout=&#8221;dark&#8221;]<\/p>\n<p>Dr. Erkens Consulting Group<br \/> Industriestra\u00dfe 13<br \/> 64380 Ro\u00dfdorf<br \/> Tel: +49 (0)6154 \u2013 6967 \u2013 944<br \/> Mobil +49 (0)179 \u2013 2 41 10 29<br \/> <a href=\"mailto:info@dr-erkens-consulting.de\">info@dr-erkens-consulting.de<\/a><\/p>\n<p>[\/et_pb_text][\/et_pb_column][et_pb_column type=&#8221;1_5&#8243; _builder_version=&#8221;4.6.0&#8243; _module_preset=&#8221;default&#8221;][et_pb_text _builder_version=&#8221;4.6.0&#8243; _module_preset=&#8221;default&#8221; text_font=&#8221;Open Sans Condensed||||||||&#8221; text_text_color=&#8221;#aaaaaa&#8221; text_orientation=&#8221;center&#8221; custom_margin=&#8221;||4px||false|false&#8221;]<\/p>\n<p>Social<\/p>\n<p>[\/et_pb_text][et_pb_divider color=&#8221;#6b6b6b&#8221; _builder_version=&#8221;4.6.0&#8243; _module_preset=&#8221;default&#8221; custom_margin=&#8221;||0px||false|false&#8221;][\/et_pb_divider][et_pb_image src=&#8221;https:\/\/www.dr-erkens-consulting.de\/wp-content\/uploads\/2018\/04\/SocialLinkedIn.png&#8221; title_text=&#8221;SocialLinkedIn&#8221; url=&#8221;https:\/\/www.linkedin.com\/in\/andreas-erkens-a0326380\/&#8221; url_new_window=&#8221;on&#8221; _builder_version=&#8221;4.6.0&#8243; _module_preset=&#8221;default&#8221; max_width=&#8221;14%&#8221; module_alignment=&#8221;center&#8221; custom_margin=&#8221;||24px||false|false&#8221; transform_styles__hover_enabled=&#8221;on|hover&#8221; transform_scale__hover_enabled=&#8221;on|hover&#8221; transform_translate__hover_enabled=&#8221;on|desktop&#8221; transform_rotate__hover_enabled=&#8221;on|desktop&#8221; transform_skew__hover_enabled=&#8221;on|desktop&#8221; transform_origin__hover_enabled=&#8221;on|desktop&#8221; transform_scale__hover=&#8221;110%|110%&#8221; transform_rotate__hover=&#8221;0deg|0deg|5deg&#8221;][\/et_pb_image][et_pb_image src=&#8221;https:\/\/www.dr-erkens-consulting.de\/wp-content\/uploads\/2018\/04\/SocialXing.png&#8221; title_text=&#8221;SocialXing&#8221; url=&#8221;https:\/\/www.xing.com\/profile\/Andreas_Erkens7&#8243; url_new_window=&#8221;on&#8221; _builder_version=&#8221;4.6.0&#8243; _module_preset=&#8221;default&#8221; max_width=&#8221;14%&#8221; module_alignment=&#8221;center&#8221; custom_margin=&#8221;||24px||false|false&#8221; transform_styles__hover_enabled=&#8221;on|hover&#8221; transform_scale__hover=&#8221;110%|110%&#8221; transform_scale__hover_enabled=&#8221;on|hover&#8221; transform_translate__hover_enabled=&#8221;on|desktop&#8221; transform_rotate__hover=&#8221;0deg|0deg|5deg&#8221; transform_rotate__hover_enabled=&#8221;on|desktop&#8221; transform_skew__hover_enabled=&#8221;on|desktop&#8221; transform_origin__hover_enabled=&#8221;on|desktop&#8221;][\/et_pb_image][et_pb_image src=&#8221;https:\/\/www.dr-erkens-consulting.de\/wp-content\/uploads\/2018\/04\/SocialFacebook.png&#8221; title_text=&#8221;SocialFacebook&#8221; url=&#8221;https:\/\/www.facebook.com\/dr.erkens.consulting?fref=ts&#8221; url_new_window=&#8221;on&#8221; _builder_version=&#8221;4.6.0&#8243; _module_preset=&#8221;default&#8221; max_width=&#8221;14%&#8221; module_alignment=&#8221;center&#8221; custom_margin=&#8221;||24px||false|false&#8221; transform_styles__hover_enabled=&#8221;on|hover&#8221; transform_scale__hover=&#8221;110%|110%&#8221; transform_scale__hover_enabled=&#8221;on|hover&#8221; transform_translate__hover_enabled=&#8221;on|desktop&#8221; transform_rotate__hover=&#8221;0deg|0deg|5deg&#8221; transform_rotate__hover_enabled=&#8221;on|desktop&#8221; transform_skew__hover_enabled=&#8221;on|desktop&#8221; transform_origin__hover_enabled=&#8221;on|desktop&#8221;][\/et_pb_image][\/et_pb_column][et_pb_column type=&#8221;3_5&#8243; _builder_version=&#8221;4.6.0&#8243; _module_preset=&#8221;default&#8221;][et_pb_text _builder_version=&#8221;4.6.0&#8243; _module_preset=&#8221;default&#8221; text_font=&#8221;Open Sans Condensed||||||||&#8221; text_text_color=&#8221;#aaaaaa&#8221; text_orientation=&#8221;center&#8221; custom_margin=&#8221;||4px||false|false&#8221;]<\/p>\n<p>News<\/p>\n<p>[\/et_pb_text][et_pb_divider color=&#8221;#6b6b6b&#8221; _builder_version=&#8221;4.6.0&#8243; _module_preset=&#8221;default&#8221; custom_margin=&#8221;||0px||false|false&#8221;][\/et_pb_divider][et_pb_accordion open_toggle_text_color=&#8221;#e8e8e8&#8243; open_toggle_background_color=&#8221;rgba(0,0,0,0)&#8221; closed_toggle_background_color=&#8221;rgba(0,0,0,0)&#8221; icon_color=&#8221;#dd3333&#8243; use_icon_font_size=&#8221;on&#8221; _builder_version=&#8221;4.6.0&#8243; _module_preset=&#8221;default&#8221; toggle_text_color=&#8221;#7a7a7a&#8221; body_text_color=&#8221;#939393&#8243; body_font_size=&#8221;16px&#8221; custom_css_toggle=&#8221;border-bottom: 1px solid #595959;||margin-bottom: 2px&#8221; custom_css_toggle_content=&#8221;margin-bottom: -18px&#8221; border_width_all=&#8221;0px&#8221;][et_pb_accordion_item title=&#8221;Dr. Erkens Consulting Group&#8221; open=&#8221;on&#8221; _builder_version=&#8221;4.6.0&#8243; _module_preset=&#8221;default&#8221;]<\/p>\n<ul>\n<li><a href=\"https:\/\/www.dr-erkens-consulting.de\/?page_id=18841\">Neue Website der Dr. Erkens Consulting Group geht online<\/a><br \/>Source: Dr. Erkens Consulting Group 09\/2020<\/li>\n<li><a href=\"https:\/\/www.dr-erkens-consulting.de\/?page_id=18841\">Integrierte Pharma-News auf der Dr. Erkens Consulting Group Website<\/a><br \/>Source: Dr. Erkens Consulting Group 09\/2020<\/li>\n<\/ul>\n<p>[\/et_pb_accordion_item][et_pb_accordion_item title=&#8221;Pharma Letter&#8221; _builder_version=&#8221;4.6.0&#8243; _module_preset=&#8221;default&#8221; open=&#8221;off&#8221;]<div class=\"wpra-display align\" data-display-id=\"0\" hx-target=\"this\" hx-swap=\"outerHTML\">    <div class=\"wp-rss-aggregator wpra-list-template \">\n        <ul class=\"rss-aggregator wpra-item-list wpra-item-list--bullets wpra-item-list--default\" start=\"1\">\n            <p>No feed items found.<\/p>\n        <\/ul>\n    <\/div> <\/div>[\/et_pb_accordion_item][et_pb_accordion_item title=&#8221;Pharma Relations&#8221; _builder_version=&#8221;4.6.0&#8243; _module_preset=&#8221;default&#8221; open=&#8221;off&#8221;]<div class=\"wpra-display align\" data-display-id=\"0\" hx-target=\"this\" hx-swap=\"outerHTML\">    <div class=\"wp-rss-aggregator wpra-list-template \">\n        <ul class=\"rss-aggregator wpra-item-list wpra-item-list--bullets wpra-item-list--default\" start=\"1\">\n            <p>No feed items found.<\/p>\n        <\/ul>\n    <\/div> <\/div>[\/et_pb_accordion_item][et_pb_accordion_item title=&#8221;Pharma Times&#8221; _builder_version=&#8221;4.6.0&#8243; _module_preset=&#8221;default&#8221; open=&#8221;off&#8221;]<\/p>\n<div class=\"wpra-display align\" data-display-id=\"0\" hx-target=\"this\" hx-swap=\"outerHTML\">    <div class=\"wp-rss-aggregator wpra-list-template \">\n        <ul class=\"rss-aggregator wpra-item-list wpra-item-list--bullets wpra-item-list--default\" start=\"1\">\n            <p>No feed items found.<\/p>\n        <\/ul>\n    <\/div> <\/div>\n<p>[\/et_pb_accordion_item][et_pb_accordion_item title=&#8221;PZ online&#8221; _builder_version=&#8221;4.6.0&#8243; _module_preset=&#8221;default&#8221; open=&#8221;off&#8221;]<\/p>\n<div class=\"wpra-display align\" data-display-id=\"0\" hx-target=\"this\" hx-swap=\"outerHTML\">    <div class=\"wp-rss-aggregator wpra-list-template \">\n        <ul class=\"rss-aggregator wpra-item-list wpra-item-list--bullets wpra-item-list--default\" start=\"1\">\n            <p>No feed items found.<\/p>\n        <\/ul>\n    <\/div> <\/div>\n<p>[\/et_pb_accordion_item][\/et_pb_accordion][\/et_pb_column][\/et_pb_row][et_pb_row _builder_version=&#8221;4.6.0&#8243; _module_preset=&#8221;default&#8221; max_width=&#8221;80%&#8221; custom_margin=&#8221;34px|auto||auto||&#8221; custom_padding=&#8221;||0px|||&#8221;][et_pb_column type=&#8221;4_4&#8243; _builder_version=&#8221;4.6.0&#8243; _module_preset=&#8221;default&#8221;][et_pb_text _builder_version=&#8221;4.6.0&#8243; _module_preset=&#8221;default&#8221; text_font=&#8221;Open Sans Condensed||||||||&#8221; text_text_color=&#8221;#aaaaaa&#8221; text_orientation=&#8221;center&#8221; custom_margin=&#8221;||4px||false|false&#8221;]<\/p>\n<p>Our Place on Earth<\/p>\n<p>[\/et_pb_text][et_pb_divider color=&#8221;#6b6b6b&#8221; _builder_version=&#8221;4.6.0&#8243; _module_preset=&#8221;default&#8221; custom_margin=&#8221;||0px||false|false&#8221;][\/et_pb_divider][\/et_pb_column][\/et_pb_row][et_pb_row _builder_version=&#8221;4.6.0&#8243; _module_preset=&#8221;default&#8221; width=&#8221;100%&#8221; max_width=&#8221;100%&#8221;][et_pb_column type=&#8221;4_4&#8243; _builder_version=&#8221;4.6.0&#8243; _module_preset=&#8221;default&#8221;][et_pb_map_extended address=&#8221;Industriestra\u00dfe 13, 64380 Ro\u00dfdorf, Deutschland&#8221; zoom_level=&#8221;13&#8243; address_lat=&#8221;49.8639938&#8243; address_lng=&#8221;8.741747&#8243; map_options=&#8221;3&#8243; map_height=&#8221;428px&#8221; _builder_version=&#8221;4.6.0&#8243; _module_preset=&#8221;default&#8221; content_text_color=&#8221;#666666&#8243; filter_brightness=&#8221;109%&#8221; filter_contrast=&#8221;117%&#8221;][et_pb_map_pin_extended pin_address=&#8221;Industriestra\u00dfe 13, 64380 Ro\u00dfdorf, Deutschland&#8221; zoom_level=&#8221;8&#8243; pin_address_lat=&#8221;49.8639938&#8243; pin_address_lng=&#8221;8.741747&#8243; _builder_version=&#8221;4.6.0&#8243; _module_preset=&#8221;default&#8221;][\/et_pb_map_pin_extended][\/et_pb_map_extended][\/et_pb_column][\/et_pb_row][\/et_pb_section]<\/p>\n","protected":false},"excerpt":{"rendered":"<p>Blog In unserem Blog finden Sie regelm\u00e4\u00dfig neue Beitr\u00e4ge zu Themen wie Strategie, Marketing und Sales, Analysen und Marktforschung, Kommunikation sowie Fort- und Weiterbildung. &nbsp;AnschriftDr. Erkens Consulting Group Industriestra\u00dfe 13 64380 Ro\u00dfdorf Tel: +49 (0)6154 \u2013 6967 \u2013 944 Mobil +49 (0)179 \u2013 2 41 10 29 info@dr-erkens-consulting.deSocialNews Neue Website der Dr. Erkens Consulting [&hellip;]<\/p>\n","protected":false},"author":9,"featured_media":0,"parent":0,"menu_order":0,"comment_status":"closed","ping_status":"closed","template":"","meta":{"_et_pb_use_builder":"on","_et_pb_old_content":"","_et_gb_content_width":"","footnotes":""},"class_list":["post-18079","page","type-page","status-publish","hentry"],"_links":{"self":[{"href":"https:\/\/www.dr-erkens-consulting.de\/de\/wp-json\/wp\/v2\/pages\/18079","targetHints":{"allow":["GET"]}}],"collection":[{"href":"https:\/\/www.dr-erkens-consulting.de\/de\/wp-json\/wp\/v2\/pages"}],"about":[{"href":"https:\/\/www.dr-erkens-consulting.de\/de\/wp-json\/wp\/v2\/types\/page"}],"author":[{"embeddable":true,"href":"https:\/\/www.dr-erkens-consulting.de\/de\/wp-json\/wp\/v2\/users\/9"}],"replies":[{"embeddable":true,"href":"https:\/\/www.dr-erkens-consulting.de\/de\/wp-json\/wp\/v2\/comments?post=18079"}],"version-history":[{"count":15,"href":"https:\/\/www.dr-erkens-consulting.de\/de\/wp-json\/wp\/v2\/pages\/18079\/revisions"}],"predecessor-version":[{"id":20199,"href":"https:\/\/www.dr-erkens-consulting.de\/de\/wp-json\/wp\/v2\/pages\/18079\/revisions\/20199"}],"wp:attachment":[{"href":"https:\/\/www.dr-erkens-consulting.de\/de\/wp-json\/wp\/v2\/media?parent=18079"}],"curies":[{"name":"wp","href":"https:\/\/api.w.org\/{rel}","templated":true}]}}