{"id":18841,"date":"2020-08-12T14:48:32","date_gmt":"2020-08-12T12:48:32","guid":{"rendered":"https:\/\/www.dr-erkens-consulting.de\/?page_id=18841"},"modified":"2024-05-13T10:53:14","modified_gmt":"2024-05-13T08:53:14","slug":"news","status":"publish","type":"page","link":"https:\/\/www.dr-erkens-consulting.de\/de\/news\/","title":{"rendered":"News"},"content":{"rendered":"<p>[et_pb_section fb_built=&#8221;1&#8243; fullwidth=&#8221;on&#8221; _builder_version=&#8221;4.16&#8243; bottom_divider_style=&#8221;slant2&#8243; bottom_divider_color=&#8221;#ffffff&#8221; bottom_divider_height=&#8221;32px&#8221; global_colors_info=&#8221;{}&#8221;][et_pb_fullwidth_code _builder_version=&#8221;4.16&#8243; background_size=&#8221;initial&#8221; background_position=&#8221;top_left&#8221; background_repeat=&#8221;repeat&#8221; global_colors_info=&#8221;{}&#8221;][\/et_pb_fullwidth_code][\/et_pb_section][et_pb_section fb_built=&#8221;1&#8243; _builder_version=&#8221;4.16&#8243; custom_padding=&#8221;54px|0|262px|0px|false|false&#8221; global_colors_info=&#8221;{}&#8221; theme_builder_area=&#8221;post_content&#8221;][et_pb_row _builder_version=&#8221;4.16&#8243; max_width=&#8221;80%&#8221; custom_padding=&#8221;27px|0px|0|0px|false|false&#8221; global_colors_info=&#8221;{}&#8221; theme_builder_area=&#8221;post_content&#8221;][et_pb_column type=&#8221;4_4&#8243; _builder_version=&#8221;4.16&#8243; custom_padding=&#8221;|||&#8221; global_colors_info=&#8221;{}&#8221; custom_padding__hover=&#8221;|||&#8221; theme_builder_area=&#8221;post_content&#8221;][et_pb_text _builder_version=&#8221;4.16&#8243; global_colors_info=&#8221;{}&#8221; theme_builder_area=&#8221;post_content&#8221;]<\/p>\n<h1>News<\/h1>\n<p>[\/et_pb_text][\/et_pb_column][\/et_pb_row][et_pb_row column_structure=&#8221;1_2,1_2&#8243; _builder_version=&#8221;4.16&#8243; max_width=&#8221;80%&#8221; custom_margin=&#8221;|auto|64px|auto||&#8221; global_colors_info=&#8221;{}&#8221; theme_builder_area=&#8221;post_content&#8221;][et_pb_column type=&#8221;1_2&#8243; _builder_version=&#8221;4.16&#8243; custom_padding=&#8221;|||&#8221; global_colors_info=&#8221;{}&#8221; custom_padding__hover=&#8221;|||&#8221; theme_builder_area=&#8221;post_content&#8221;][et_pb_blurb title=&#8221;Internationale Umfrage&#8221; image=&#8221;https:\/\/www.dr-erkens-consulting.de\/wp-content\/uploads\/2024\/05\/FileWeb.jpg&#8221; image_icon_width=&#8221;12vh&#8221; _builder_version=&#8221;4.25.1&#8243; _module_preset=&#8221;default&#8221; header_level=&#8221;h2&#8243; link_option_url=&#8221;https:\/\/www.dovepress.com\/articles.php?article_id=90971&#8243; link_option_url_new_window=&#8221;on&#8221; hover_enabled=&#8221;0&#8243; global_colors_info=&#8221;{}&#8221; theme_builder_area=&#8221;post_content&#8221; sticky_enabled=&#8221;0&#8243;]<\/p>\n<p>Internationale Umfrage zur Bewertung zu aktuellen Optionen f\u00fcr die subkutane Injektion von Methotrexat (MTX) und eines neuen Bedienelemente-freien MTX-Autoinjektors\u00a0<\/p>\n<p>[\/et_pb_blurb][\/et_pb_column][et_pb_column type=&#8221;1_2&#8243; _builder_version=&#8221;4.16&#8243; custom_padding=&#8221;|||&#8221; global_colors_info=&#8221;{}&#8221; custom_padding__hover=&#8221;|||&#8221; theme_builder_area=&#8221;post_content&#8221;][et_pb_blurb title=&#8221;Joint Venture f\u00fcr bessere Unterst\u00fctzung&#8221; image=&#8221;https:\/\/www.dr-erkens-consulting.de\/wp-content\/uploads\/2019\/01\/FilePdf.jpg&#8221; image_icon_width=&#8221;12vh&#8221; _builder_version=&#8221;4.25.1&#8243; _module_preset=&#8221;default&#8221; header_level=&#8221;h2&#8243; link_option_url=&#8221;https:\/\/www.dr-erkens-consulting.de\/wp-content\/uploads\/2024\/05\/Joint-Venture.pdf&#8221; link_option_url_new_window=&#8221;on&#8221; hover_enabled=&#8221;0&#8243; global_colors_info=&#8221;{}&#8221; theme_builder_area=&#8221;post_content&#8221; sticky_enabled=&#8221;0&#8243;]Die Dr. Erkens Consulting Group, Aurum Research und Cogent Healthcare haben sich in einem Joint Venture zusammengeschlossen, um ihre Kunden besser unterst\u00fctzen zu k\u00f6nnen.[\/et_pb_blurb][\/et_pb_column][\/et_pb_row][et_pb_row _builder_version=&#8221;4.16&#8243; max_width=&#8221;80%&#8221; custom_margin=&#8221;|auto|64px|auto||&#8221; global_colors_info=&#8221;{}&#8221; theme_builder_area=&#8221;post_content&#8221;][et_pb_column type=&#8221;4_4&#8243; _builder_version=&#8221;4.16&#8243; custom_padding=&#8221;|||&#8221; global_colors_info=&#8221;{}&#8221; custom_padding__hover=&#8221;|||&#8221; theme_builder_area=&#8221;post_content&#8221;][et_pb_blurb title=&#8221;Integrierte Pharma-News auf der Dr. Erkens Consulting Group Website&#8221; use_icon=&#8221;on&#8221; font_icon=&#8221;&#x70;||divi||400&#8243; icon_placement=&#8221;left&#8221; image_icon_width=&#8221;65px&#8221; _builder_version=&#8221;4.25.1&#8243; _module_preset=&#8221;default&#8221; header_level=&#8221;h2&#8243; hover_enabled=&#8221;0&#8243; custom_css_blurb_image=&#8221;padding-right: 24px;&#8221; custom_css_blurb_content=&#8221;max-width: none!important;&#8221; global_colors_info=&#8221;{}&#8221; theme_builder_area=&#8221;post_content&#8221; sticky_enabled=&#8221;0&#8243;]Als Strategie- und Beratungsagentur im Bereich Healthcare, Medizin, Pharma, MedTech und Life Sciences wollen wir immer auf dem Laufenden sein.<br \/>\nIm Internet steht eine Vielzahl von Portalen im Bereich Healthcare, Medizin, Pharma, BioTech, MedTech und Life Sciences zur Verf\u00fcgung. Allerdings sind diese Bereiche so gro\u00df und entwickeln sich derartig schnell, dass keines der Portale allein \u00fcber alle Neuigkeiten informieren kann.<br \/>\nWir haben uns deshalb entschieden, auf der Dr. Erkens Consulting Group Homepage eine Reihe ausgew\u00e4hlter News-Portale zu verlinken, um Sie und uns auf dem Laufenden zu halten, sei es in Bezug auf Indikationen, neue Diagnostikverfahren und Therapieoptionen, Markt- und Unternehmensver\u00e4nderungen, Trends u.v.m.[\/et_pb_blurb][\/et_pb_column][\/et_pb_row][\/et_pb_section][et_pb_section fb_built=&#8221;1&#8243; _builder_version=&#8221;4.6.0&#8243; _module_preset=&#8221;default&#8221; background_color=&#8221;#2b2b2b&#8221; background_color_gradient_direction=&#8221;155deg&#8221; top_divider_height=&#8221;32px&#8221; global_module=&#8221;20190&#8243; saved_tabs=&#8221;all&#8221; global_colors_info=&#8221;{}&#8221;][et_pb_row column_structure=&#8221;1_5,1_5,3_5&#8243; _builder_version=&#8221;4.16&#8243; _module_preset=&#8221;default&#8221; max_width=&#8221;80%&#8221; global_colors_info=&#8221;{}&#8221;][et_pb_column type=&#8221;1_5&#8243; _builder_version=&#8221;4.16&#8243; _module_preset=&#8221;default&#8221; global_colors_info=&#8221;{}&#8221;][et_pb_text _builder_version=&#8221;4.16&#8243; _module_preset=&#8221;default&#8221; text_font=&#8221;Open Sans Condensed||||||||&#8221; text_text_color=&#8221;#aaaaaa&#8221; text_orientation=&#8221;center&#8221; custom_margin=&#8221;||4px||false|false&#8221; global_colors_info=&#8221;{}&#8221;]<\/p>\n<p>Anschrift<\/p>\n<p>[\/et_pb_text][et_pb_divider color=&#8221;#6b6b6b&#8221; _builder_version=&#8221;4.16&#8243; _module_preset=&#8221;default&#8221; custom_margin=&#8221;||0px||false|false&#8221; global_colors_info=&#8221;{}&#8221;][\/et_pb_divider][et_pb_text _builder_version=&#8221;4.16&#8243; _module_preset=&#8221;default&#8221; text_text_color=&#8221;#828282&#8243; text_font_size=&#8221;15px&#8221; text_line_height=&#8221;1.6em&#8221; background_layout=&#8221;dark&#8221; global_colors_info=&#8221;{}&#8221;]<\/p>\n<p>Dr. Erkens Consulting Group<br \/> Industriestra\u00dfe 13<br \/> 64380 Ro\u00dfdorf<br \/> Tel: +49 (0)6154 \u2013 6967 \u2013 944<br \/> Mobil +49 (0)179 \u2013 2 41 10 29<br \/> <a href=\"mailto:info@dr-erkens-consulting.de\">info@dr-erkens-consulting.de<\/a><\/p>\n<p>[\/et_pb_text][\/et_pb_column][et_pb_column type=&#8221;1_5&#8243; _builder_version=&#8221;4.16&#8243; _module_preset=&#8221;default&#8221; global_colors_info=&#8221;{}&#8221;][et_pb_text _builder_version=&#8221;4.16&#8243; _module_preset=&#8221;default&#8221; text_font=&#8221;Open Sans Condensed||||||||&#8221; text_text_color=&#8221;#aaaaaa&#8221; text_orientation=&#8221;center&#8221; custom_margin=&#8221;||4px||false|false&#8221; global_colors_info=&#8221;{}&#8221;]<\/p>\n<p>Social<\/p>\n<p>[\/et_pb_text][et_pb_divider color=&#8221;#6b6b6b&#8221; _builder_version=&#8221;4.16&#8243; _module_preset=&#8221;default&#8221; custom_margin=&#8221;||0px||false|false&#8221; global_colors_info=&#8221;{}&#8221;][\/et_pb_divider][et_pb_image src=&#8221;https:\/\/www.dr-erkens-consulting.de\/wp-content\/uploads\/2018\/04\/SocialLinkedIn.png&#8221; title_text=&#8221;SocialLinkedIn&#8221; url=&#8221;https:\/\/www.linkedin.com\/in\/dr-andreas-erkens-a0326380\/&#8221; url_new_window=&#8221;on&#8221; _builder_version=&#8221;4.19.5&#8243; _module_preset=&#8221;default&#8221; max_width=&#8221;14%&#8221; module_alignment=&#8221;center&#8221; custom_margin=&#8221;||24px||false|false&#8221; global_colors_info=&#8221;{}&#8221; transform_styles__hover_enabled=&#8221;on|hover&#8221; transform_scale__hover_enabled=&#8221;on|hover&#8221; transform_translate__hover_enabled=&#8221;on|desktop&#8221; transform_rotate__hover_enabled=&#8221;on|hover&#8221; transform_skew__hover_enabled=&#8221;on|desktop&#8221; transform_origin__hover_enabled=&#8221;on|desktop&#8221; transform_scale__hover=&#8221;110%|110%&#8221;][\/et_pb_image][et_pb_image src=&#8221;https:\/\/www.dr-erkens-consulting.de\/wp-content\/uploads\/2018\/04\/SocialXing.png&#8221; title_text=&#8221;SocialXing&#8221; url=&#8221;https:\/\/www.xing.com\/profile\/Andreas_Erkens7&#8243; url_new_window=&#8221;on&#8221; _builder_version=&#8221;4.16&#8243; _module_preset=&#8221;default&#8221; max_width=&#8221;14%&#8221; module_alignment=&#8221;center&#8221; custom_margin=&#8221;||24px||false|false&#8221; global_colors_info=&#8221;{}&#8221; transform_styles__hover_enabled=&#8221;on|hover&#8221; transform_scale__hover=&#8221;110%|110%&#8221; transform_scale__hover_enabled=&#8221;on|hover&#8221; transform_translate__hover_enabled=&#8221;on|desktop&#8221; transform_rotate__hover_enabled=&#8221;on|hover&#8221; transform_skew__hover_enabled=&#8221;on|desktop&#8221; transform_origin__hover_enabled=&#8221;on|desktop&#8221;][\/et_pb_image][et_pb_image src=&#8221;https:\/\/www.dr-erkens-consulting.de\/wp-content\/uploads\/2018\/04\/SocialFacebook.png&#8221; title_text=&#8221;SocialFacebook&#8221; url=&#8221;https:\/\/www.facebook.com\/dr.erkens.consulting?fref=ts&#8221; url_new_window=&#8221;on&#8221; _builder_version=&#8221;4.16&#8243; _module_preset=&#8221;default&#8221; max_width=&#8221;14%&#8221; module_alignment=&#8221;center&#8221; custom_margin=&#8221;||24px||false|false&#8221; global_colors_info=&#8221;{}&#8221; transform_styles__hover_enabled=&#8221;on|hover&#8221; transform_scale__hover=&#8221;110%|110%&#8221; transform_scale__hover_enabled=&#8221;on|hover&#8221; transform_translate__hover_enabled=&#8221;on|desktop&#8221; transform_rotate__hover_enabled=&#8221;on|hover&#8221; transform_skew__hover_enabled=&#8221;on|desktop&#8221; transform_origin__hover_enabled=&#8221;on|desktop&#8221;][\/et_pb_image][\/et_pb_column][et_pb_column type=&#8221;3_5&#8243; _builder_version=&#8221;4.16&#8243; _module_preset=&#8221;default&#8221; global_colors_info=&#8221;{}&#8221;][et_pb_text _builder_version=&#8221;4.16&#8243; _module_preset=&#8221;default&#8221; text_font=&#8221;Open Sans Condensed||||||||&#8221; text_text_color=&#8221;#aaaaaa&#8221; text_orientation=&#8221;center&#8221; custom_margin=&#8221;||4px||false|false&#8221; global_colors_info=&#8221;{}&#8221;]<\/p>\n<p>News<\/p>\n<p>[\/et_pb_text][et_pb_divider color=&#8221;#6b6b6b&#8221; _builder_version=&#8221;4.16&#8243; _module_preset=&#8221;default&#8221; custom_margin=&#8221;||0px||false|false&#8221; global_colors_info=&#8221;{}&#8221;][\/et_pb_divider][et_pb_accordion open_toggle_text_color=&#8221;#e8e8e8&#8243; open_toggle_background_color=&#8221;rgba(0,0,0,0)&#8221; closed_toggle_background_color=&#8221;rgba(0,0,0,0)&#8221; icon_color=&#8221;#dd3333&#8243; use_icon_font_size=&#8221;on&#8221; _builder_version=&#8221;4.16&#8243; _module_preset=&#8221;default&#8221; toggle_text_color=&#8221;#7a7a7a&#8221; body_text_color=&#8221;#939393&#8243; body_font_size=&#8221;16px&#8221; custom_css_toggle=&#8221;border-bottom: 1px solid #595959;||margin-bottom: 2px&#8221; custom_css_toggle_content=&#8221;margin-bottom: -18px&#8221; border_width_all=&#8221;0px&#8221; global_colors_info=&#8221;{}&#8221;][et_pb_accordion_item title=&#8221;Dr. Erkens Consulting Group&#8221; open=&#8221;on&#8221; _builder_version=&#8221;4.16&#8243; _module_preset=&#8221;default&#8221; global_colors_info=&#8221;{}&#8221;]<\/p>\n<ul>\n<li><a href=\"https:\/\/www.dr-erkens-consulting.de\/de\/news\/\">Neue Website der Dr. Erkens Consulting Group geht online<\/a><br \/>Source: Dr. Erkens Consulting Group 09\/2020<\/li>\n<li><a href=\"https:\/\/www.dr-erkens-consulting.de\/de\/news\/\">Integrierte Pharma-News auf der Dr. Erkens Consulting Group Website<\/a><br \/>Source: Dr. Erkens Consulting Group 09\/2020<\/li>\n<\/ul>\n<p>[\/et_pb_accordion_item][et_pb_accordion_item title=&#8221;Pharma Letter&#8221; _builder_version=&#8221;4.16&#8243; _module_preset=&#8221;default&#8221; global_colors_info=&#8221;{}&#8221; open=&#8221;off&#8221;]<div class=\"wpra-display align\" data-display-id=\"0\" hx-target=\"this\" hx-swap=\"outerHTML\">    <div class=\"wp-rss-aggregator wpra-list-template \">\n        <ul class=\"rss-aggregator wpra-item-list wpra-item-list--bullets wpra-item-list--default\" start=\"1\">\n            <p>No feed items found.<\/p>\n        <\/ul>\n    <\/div> <\/div>[\/et_pb_accordion_item][et_pb_accordion_item title=&#8221;Pharma Relations&#8221; _builder_version=&#8221;4.16&#8243; _module_preset=&#8221;default&#8221; global_colors_info=&#8221;{}&#8221; open=&#8221;off&#8221;]<div class=\"wpra-display align\" data-display-id=\"0\" hx-target=\"this\" hx-swap=\"outerHTML\">    <div class=\"wp-rss-aggregator wpra-list-template \">\n        <ul class=\"rss-aggregator wpra-item-list wpra-item-list--bullets wpra-item-list--default\" start=\"1\">\n            <p>No feed items found.<\/p>\n        <\/ul>\n    <\/div> <\/div>[\/et_pb_accordion_item][et_pb_accordion_item title=&#8221;Pharma Times&#8221; _builder_version=&#8221;4.16&#8243; _module_preset=&#8221;default&#8221; global_colors_info=&#8221;{}&#8221; open=&#8221;off&#8221;]<\/p>\n<div class=\"wpra-display align\" data-display-id=\"0\" hx-target=\"this\" hx-swap=\"outerHTML\">    <div class=\"wp-rss-aggregator wpra-list-template \">\n        <ul class=\"rss-aggregator wpra-item-list wpra-item-list--bullets wpra-item-list--default\" start=\"1\">\n            <p>No feed items found.<\/p>\n        <\/ul>\n    <\/div> <\/div>\n<p>[\/et_pb_accordion_item][et_pb_accordion_item title=&#8221;PZ online&#8221; _builder_version=&#8221;4.16&#8243; _module_preset=&#8221;default&#8221; global_colors_info=&#8221;{}&#8221; open=&#8221;off&#8221;]<\/p>\n<div class=\"wpra-display align\" data-display-id=\"0\" hx-target=\"this\" hx-swap=\"outerHTML\">    <div class=\"wp-rss-aggregator wpra-list-template \">\n        <ul class=\"rss-aggregator wpra-item-list wpra-item-list--bullets wpra-item-list--default\" start=\"1\">\n            <p>No feed items found.<\/p>\n        <\/ul>\n    <\/div> <\/div>\n<p>[\/et_pb_accordion_item][\/et_pb_accordion][\/et_pb_column][\/et_pb_row][et_pb_row _builder_version=&#8221;4.16&#8243; _module_preset=&#8221;default&#8221; max_width=&#8221;80%&#8221; custom_margin=&#8221;34px|auto||auto||&#8221; custom_padding=&#8221;||0px|||&#8221; global_colors_info=&#8221;{}&#8221;][et_pb_column type=&#8221;4_4&#8243; _builder_version=&#8221;4.16&#8243; _module_preset=&#8221;default&#8221; global_colors_info=&#8221;{}&#8221;][et_pb_text _builder_version=&#8221;4.16&#8243; _module_preset=&#8221;default&#8221; text_font=&#8221;Open Sans Condensed||||||||&#8221; text_text_color=&#8221;#aaaaaa&#8221; text_orientation=&#8221;center&#8221; custom_margin=&#8221;||4px||false|false&#8221; global_colors_info=&#8221;{}&#8221;]<\/p>\n<p>Our Place on Earth<\/p>\n<p>[\/et_pb_text][et_pb_divider color=&#8221;#6b6b6b&#8221; _builder_version=&#8221;4.16&#8243; _module_preset=&#8221;default&#8221; custom_margin=&#8221;||0px||false|false&#8221; global_colors_info=&#8221;{}&#8221;][\/et_pb_divider][\/et_pb_column][\/et_pb_row][et_pb_row _builder_version=&#8221;4.16&#8243; _module_preset=&#8221;default&#8221; max_width=&#8221;80%&#8221; global_colors_info=&#8221;{}&#8221;][et_pb_column type=&#8221;4_4&#8243; _builder_version=&#8221;4.16&#8243; _module_preset=&#8221;default&#8221; global_colors_info=&#8221;{}&#8221;][et_pb_image src=&#8221;https:\/\/www.dr-erkens-consulting.de\/wp-content\/uploads\/2022\/09\/BigMapDec.jpg&#8221; title_text=&#8221;BigMapDec&#8221; show_bottom_space=&#8221;off&#8221; align=&#8221;center&#8221; _builder_version=&#8221;4.18.0&#8243; _module_preset=&#8221;default&#8221; global_colors_info=&#8221;{}&#8221;][\/et_pb_image][et_pb_text _builder_version=&#8221;4.18.0&#8243; _module_preset=&#8221;default&#8221; text_text_color=&#8221;#7a7a7a&#8221; text_font_size=&#8221;13px&#8221; text_orientation=&#8221;right&#8221; background_layout=&#8221;dark&#8221; custom_padding=&#8221;|30px|||false|false&#8221; global_colors_info=&#8221;{}&#8221;]<\/p>\n<p><em>Kartenbild: OpenStreetMap, ODbL 1.0<\/em><\/p>\n<p>[\/et_pb_text][\/et_pb_column][\/et_pb_row][\/et_pb_section]<\/p>\n","protected":false},"excerpt":{"rendered":"<p>NewsInternationale Umfrage zur Bewertung zu aktuellen Optionen f\u00fcr die subkutane Injektion von Methotrexat (MTX) und eines neuen Bedienelemente-freien MTX-Autoinjektors\u00a0Die Dr. Erkens Consulting Group, Aurum Research und Cogent Healthcare haben sich in einem Joint Venture zusammengeschlossen, um ihre Kunden besser unterst\u00fctzen zu k\u00f6nnen.Als Strategie- und Beratungsagentur im Bereich Healthcare, Medizin, Pharma, MedTech und Life Sciences [&hellip;]<\/p>\n","protected":false},"author":9,"featured_media":0,"parent":0,"menu_order":0,"comment_status":"closed","ping_status":"closed","template":"","meta":{"_et_pb_use_builder":"on","_et_pb_old_content":"","_et_gb_content_width":"","footnotes":""},"class_list":["post-18841","page","type-page","status-publish","hentry"],"_links":{"self":[{"href":"https:\/\/www.dr-erkens-consulting.de\/de\/wp-json\/wp\/v2\/pages\/18841","targetHints":{"allow":["GET"]}}],"collection":[{"href":"https:\/\/www.dr-erkens-consulting.de\/de\/wp-json\/wp\/v2\/pages"}],"about":[{"href":"https:\/\/www.dr-erkens-consulting.de\/de\/wp-json\/wp\/v2\/types\/page"}],"author":[{"embeddable":true,"href":"https:\/\/www.dr-erkens-consulting.de\/de\/wp-json\/wp\/v2\/users\/9"}],"replies":[{"embeddable":true,"href":"https:\/\/www.dr-erkens-consulting.de\/de\/wp-json\/wp\/v2\/comments?post=18841"}],"version-history":[{"count":20,"href":"https:\/\/www.dr-erkens-consulting.de\/de\/wp-json\/wp\/v2\/pages\/18841\/revisions"}],"predecessor-version":[{"id":222465,"href":"https:\/\/www.dr-erkens-consulting.de\/de\/wp-json\/wp\/v2\/pages\/18841\/revisions\/222465"}],"wp:attachment":[{"href":"https:\/\/www.dr-erkens-consulting.de\/de\/wp-json\/wp\/v2\/media?parent=18841"}],"curies":[{"name":"wp","href":"https:\/\/api.w.org\/{rel}","templated":true}]}}